{"id":1853,"date":"2019-04-04T14:41:52","date_gmt":"2019-04-04T14:41:52","guid":{"rendered":"http:\/\/jthemes.org\/wp\/nextapp\/?page_id=1853"},"modified":"2022-02-20T14:59:49","modified_gmt":"2022-02-20T14:59:49","slug":"contact-us","status":"publish","type":"page","link":"https:\/\/tidzo.app\/index.php\/contact-us\/","title":{"rendered":"Contact Us"},"content":{"rendered":"<p>[vc_section parallax_image_attachment=&#8221;inherit&#8221; padding_class=&#8221;wide-100&#8243; el_id=&#8221;contacts-2&#8243; el_class=&#8221;contacts-section division&#8221;][vc_row][vc_column width=&#8221;1\/12&#8243;][\/vc_column][vc_column width=&#8221;5\/6&#8243;]\r\n        <div class=\"section-title text-center\">\r\n            <h3 class=\"theme-color h3-lg none\" style=\"font-family:Roboto\">Contacta con Tidzo y su equipo<\/h3>\r\n            <p class=\"dark-color p-md none\" style=\"font-family:Roboto\">Aqu\u00ed encontrar\u00e1s toda la informaci\u00f3n necesaria para contactar con Tidzo. Si tienes cualquier duda estaremos encantados de resolverla.<\/p>         \r\n        <\/div>[\/vc_column][vc_column width=&#8221;1\/12&#8243;][\/vc_column][\/vc_row][vc_row][vc_column width=&#8221;1\/12&#8243;][\/vc_column][vc_column width=&#8221;5\/6&#8243;][vc_raw_html]JTNDc2NyaXB0JTIwY2hhcnNldCUzRCUyMnV0Zi04JTIyJTIwdHlwZSUzRCUyMnRleHQlMkZqYXZhc2NyaXB0JTIyJTIwc3JjJTNEJTIyJTJGJTJGanMuaHNmb3Jtcy5uZXQlMkZmb3JtcyUyRnNoZWxsLmpzJTIyJTNFJTNDJTJGc2NyaXB0JTNFJTBBJTNDc2NyaXB0JTNFJTBBJTIwJTIwaGJzcHQuZm9ybXMuY3JlYXRlJTI4JTdCJTBBJTA5cmVnaW9uJTNBJTIwJTIybmExJTIyJTJDJTBBJTA5cG9ydGFsSWQlM0ElMjAlMjI0OTgxMDA4JTIyJTJDJTBBJTA5Zm9ybUlkJTNBJTIwJTIyNzk2ZjJlNWItYTIwZi00YmZiLTlkYTEtY2FjNTEwZTYxZmUyJTIyJTBBJTdEJTI5JTNCJTBBJTNDJTJGc2NyaXB0JTNF[\/vc_raw_html][\/vc_column][vc_column width=&#8221;1\/12&#8243;][\/vc_column][\/vc_row][\/vc_section][vc_section section_type=&#8221;download&#8221; download_type=&#8221;1&#8243; bg_class=&#8221;bg-tra&#8221; parallax_image_attachment=&#8221;scroll&#8221; padding_class=&#8221;&#8221; el_class=&#8221;bg-geometric&#8221;][vc_row][vc_column width=&#8221;1\/12&#8243; column_inner_style=&#8221;download-img&#8221; download_img_type=&#8221;5&#8243;][\/vc_column][vc_column width=&#8221;10\/12&#8243;]\r\n        <div class=\"download-txt white-color text-center\"> \r\n        \t            \r\n            <h3 class=\"Default h3-xs none  wow perch-fadeInUp fadeInUp\" data-wow-delay=\"300ms\" data-wow-duration=\"1200ms\">Queremos ser parte de la transformaci\u00f3n de tu empresa<\/h3>\r\n            <p class=\"Default p-md none  wow perch-fadeInUp fadeInUp\" data-wow-delay=\"400ms\" data-wow-duration=\"1200ms\">Nuestro prop\u00f3sito es ayudarles a mejorar sus procesos de gesti\u00f3n de personal, manejo de tiempo productivo y mejora de comunicaci\u00f3n enfocada en aumentar productividad, reduciendo sobre costos e indices de ausentismo y rotaci\u00f3n<\/p>    \r\n             \r\n                  \r\n        <\/div>[\/vc_column][vc_column width=&#8221;1\/12&#8243;][\/vc_column][\/vc_row][\/vc_section]<\/p>\n","protected":false},"excerpt":{"rendered":"<p>[vc_section parallax_image_attachment=&#8221;inherit&#8221; padding_class=&#8221;wide-100&#8243; el_id=&#8221;contacts-2&#8243; el_class=&#8221;contacts-section division&#8221;][vc_row][vc_column width=&#8221;1\/12&#8243;][\/vc_column][vc_column width=&#8221;5\/6&#8243;][\/vc_column][vc_column width=&#8221;1\/12&#8243;][\/vc_column][\/vc_row][vc_row][vc_column width=&#8221;1\/12&#8243;][\/vc_column][vc_column width=&#8221;5\/6&#8243;][vc_raw_html]JTNDc2NyaXB0JTIwY2hhcnNldCUzRCUyMnV0Zi04JTIyJTIwdHlwZSUzRCUyMnRleHQlMkZqYXZhc2NyaXB0JTIyJTIwc3JjJTNEJTIyJTJGJTJGanMuaHNmb3Jtcy5uZXQlMkZmb3JtcyUyRnNoZWxsLmpzJTIyJTNFJTNDJTJGc2NyaXB0JTNFJTBBJTNDc2NyaXB0JTNFJTBBJTIwJTIwaGJzcHQuZm9ybXMuY3JlYXRlJTI4JTdCJTBBJTA5cmVnaW9uJTNBJTIwJTIybmExJTIyJTJDJTBBJTA5cG9ydGFsSWQlM0ElMjAlMjI0OTgxMDA4JTIyJTJDJTBBJTA5Zm9ybUlkJTNBJTIwJTIyNzk2ZjJlNWItYTIwZi00YmZiLTlkYTEtY2FjNTEwZTYxZmUyJTIyJTBBJTdEJTI5JTNCJTBBJTNDJTJGc2NyaXB0JTNF[\/vc_raw_html][\/vc_column][vc_column width=&#8221;1\/12&#8243;][\/vc_column][\/vc_row][\/vc_section][vc_section section_type=&#8221;download&#8221; download_type=&#8221;1&#8243; bg_class=&#8221;bg-tra&#8221; parallax_image_attachment=&#8221;scroll&#8221; padding_class=&#8221;&#8221; el_class=&#8221;bg-geometric&#8221;][vc_row][vc_column width=&#8221;1\/12&#8243; column_inner_style=&#8221;download-img&#8221; download_img_type=&#8221;5&#8243;][\/vc_column][vc_column width=&#8221;10\/12&#8243;][\/vc_column][vc_column width=&#8221;1\/12&#8243;][\/vc_column][\/vc_row][\/vc_section]<\/p>\n","protected":false},"author":1,"featured_media":0,"parent":0,"menu_order":0,"comment_status":"closed","ping_status":"closed","template":"","meta":{"content-type":"","footnotes":""},"yoast_head":"<!-- This site is optimized with the Yoast SEO plugin v24.5 - https:\/\/yoast.com\/wordpress\/plugins\/seo\/ -->\n<title>Contact Us - Tidzo<\/title>\n<meta name=\"robots\" content=\"index, follow, max-snippet:-1, max-image-preview:large, max-video-preview:-1\" \/>\n<link rel=\"canonical\" href=\"https:\/\/tidzo.app\/index.php\/contact-us\/\" \/>\n<meta property=\"og:locale\" content=\"en_US\" \/>\n<meta property=\"og:type\" content=\"article\" \/>\n<meta property=\"og:title\" content=\"Contact Us - Tidzo\" \/>\n<meta property=\"og:description\" content=\"[vc_section parallax_image_attachment=&#8221;inherit&#8221; padding_class=&#8221;wide-100&#8243; el_id=&#8221;contacts-2&#8243; el_class=&#8221;contacts-section division&#8221;][vc_row][vc_column width=&#8221;1\/12&#8243;][\/vc_column][vc_column width=&#8221;5\/6&#8243;][\/vc_column][vc_column width=&#8221;1\/12&#8243;][\/vc_column][\/vc_row][vc_row][vc_column width=&#8221;1\/12&#8243;][\/vc_column][vc_column width=&#8221;5\/6&#8243;][vc_raw_html]JTNDc2NyaXB0JTIwY2hhcnNldCUzRCUyMnV0Zi04JTIyJTIwdHlwZSUzRCUyMnRleHQlMkZqYXZhc2NyaXB0JTIyJTIwc3JjJTNEJTIyJTJGJTJGanMuaHNmb3Jtcy5uZXQlMkZmb3JtcyUyRnNoZWxsLmpzJTIyJTNFJTNDJTJGc2NyaXB0JTNFJTBBJTNDc2NyaXB0JTNFJTBBJTIwJTIwaGJzcHQuZm9ybXMuY3JlYXRlJTI4JTdCJTBBJTA5cmVnaW9uJTNBJTIwJTIybmExJTIyJTJDJTBBJTA5cG9ydGFsSWQlM0ElMjAlMjI0OTgxMDA4JTIyJTJDJTBBJTA5Zm9ybUlkJTNBJTIwJTIyNzk2ZjJlNWItYTIwZi00YmZiLTlkYTEtY2FjNTEwZTYxZmUyJTIyJTBBJTdEJTI5JTNCJTBBJTNDJTJGc2NyaXB0JTNF[\/vc_raw_html][\/vc_column][vc_column width=&#8221;1\/12&#8243;][\/vc_column][\/vc_row][\/vc_section][vc_section section_type=&#8221;download&#8221; download_type=&#8221;1&#8243; bg_class=&#8221;bg-tra&#8221; parallax_image_attachment=&#8221;scroll&#8221; padding_class=&#8221;&#8221; el_class=&#8221;bg-geometric&#8221;][vc_row][vc_column width=&#8221;1\/12&#8243; column_inner_style=&#8221;download-img&#8221; download_img_type=&#8221;5&#8243;][\/vc_column][vc_column width=&#8221;10\/12&#8243;][\/vc_column][vc_column width=&#8221;1\/12&#8243;][\/vc_column][\/vc_row][\/vc_section]\" \/>\n<meta property=\"og:url\" content=\"https:\/\/tidzo.app\/index.php\/contact-us\/\" \/>\n<meta property=\"og:site_name\" content=\"Tidzo\" \/>\n<meta property=\"article:modified_time\" content=\"2022-02-20T14:59:49+00:00\" \/>\n<meta name=\"twitter:card\" content=\"summary_large_image\" \/>\n<meta name=\"twitter:label1\" content=\"Est. reading time\" \/>\n\t<meta name=\"twitter:data1\" content=\"2 minutes\" \/>\n<script type=\"application\/ld+json\" class=\"yoast-schema-graph\">{\"@context\":\"https:\/\/schema.org\",\"@graph\":[{\"@type\":\"WebPage\",\"@id\":\"https:\/\/tidzo.app\/index.php\/contact-us\/\",\"url\":\"https:\/\/tidzo.app\/index.php\/contact-us\/\",\"name\":\"Contact Us - Tidzo\",\"isPartOf\":{\"@id\":\"https:\/\/tidzo.app\/#website\"},\"datePublished\":\"2019-04-04T14:41:52+00:00\",\"dateModified\":\"2022-02-20T14:59:49+00:00\",\"breadcrumb\":{\"@id\":\"https:\/\/tidzo.app\/index.php\/contact-us\/#breadcrumb\"},\"inLanguage\":\"en-US\",\"potentialAction\":[{\"@type\":\"ReadAction\",\"target\":[\"https:\/\/tidzo.app\/index.php\/contact-us\/\"]}]},{\"@type\":\"BreadcrumbList\",\"@id\":\"https:\/\/tidzo.app\/index.php\/contact-us\/#breadcrumb\",\"itemListElement\":[{\"@type\":\"ListItem\",\"position\":1,\"name\":\"Home\",\"item\":\"https:\/\/tidzo.app\/\"},{\"@type\":\"ListItem\",\"position\":2,\"name\":\"Contact Us\"}]},{\"@type\":\"WebSite\",\"@id\":\"https:\/\/tidzo.app\/#website\",\"url\":\"https:\/\/tidzo.app\/\",\"name\":\"Tidzo\",\"description\":\"Construye horarios y gestiona turnos productivos. Agenda, comunica y verifica. Aumenta la productividad de tu empresa\",\"potentialAction\":[{\"@type\":\"SearchAction\",\"target\":{\"@type\":\"EntryPoint\",\"urlTemplate\":\"https:\/\/tidzo.app\/?s={search_term_string}\"},\"query-input\":{\"@type\":\"PropertyValueSpecification\",\"valueRequired\":true,\"valueName\":\"search_term_string\"}}],\"inLanguage\":\"en-US\"}]}<\/script>\n<!-- \/ Yoast SEO plugin. -->","yoast_head_json":{"title":"Contact Us - Tidzo","robots":{"index":"index","follow":"follow","max-snippet":"max-snippet:-1","max-image-preview":"max-image-preview:large","max-video-preview":"max-video-preview:-1"},"canonical":"https:\/\/tidzo.app\/index.php\/contact-us\/","og_locale":"en_US","og_type":"article","og_title":"Contact Us - Tidzo","og_description":"[vc_section parallax_image_attachment=&#8221;inherit&#8221; padding_class=&#8221;wide-100&#8243; el_id=&#8221;contacts-2&#8243; el_class=&#8221;contacts-section division&#8221;][vc_row][vc_column width=&#8221;1\/12&#8243;][\/vc_column][vc_column width=&#8221;5\/6&#8243;][\/vc_column][vc_column width=&#8221;1\/12&#8243;][\/vc_column][\/vc_row][vc_row][vc_column width=&#8221;1\/12&#8243;][\/vc_column][vc_column width=&#8221;5\/6&#8243;][vc_raw_html]JTNDc2NyaXB0JTIwY2hhcnNldCUzRCUyMnV0Zi04JTIyJTIwdHlwZSUzRCUyMnRleHQlMkZqYXZhc2NyaXB0JTIyJTIwc3JjJTNEJTIyJTJGJTJGanMuaHNmb3Jtcy5uZXQlMkZmb3JtcyUyRnNoZWxsLmpzJTIyJTNFJTNDJTJGc2NyaXB0JTNFJTBBJTNDc2NyaXB0JTNFJTBBJTIwJTIwaGJzcHQuZm9ybXMuY3JlYXRlJTI4JTdCJTBBJTA5cmVnaW9uJTNBJTIwJTIybmExJTIyJTJDJTBBJTA5cG9ydGFsSWQlM0ElMjAlMjI0OTgxMDA4JTIyJTJDJTBBJTA5Zm9ybUlkJTNBJTIwJTIyNzk2ZjJlNWItYTIwZi00YmZiLTlkYTEtY2FjNTEwZTYxZmUyJTIyJTBBJTdEJTI5JTNCJTBBJTNDJTJGc2NyaXB0JTNF[\/vc_raw_html][\/vc_column][vc_column width=&#8221;1\/12&#8243;][\/vc_column][\/vc_row][\/vc_section][vc_section section_type=&#8221;download&#8221; download_type=&#8221;1&#8243; bg_class=&#8221;bg-tra&#8221; parallax_image_attachment=&#8221;scroll&#8221; padding_class=&#8221;&#8221; el_class=&#8221;bg-geometric&#8221;][vc_row][vc_column width=&#8221;1\/12&#8243; column_inner_style=&#8221;download-img&#8221; download_img_type=&#8221;5&#8243;][\/vc_column][vc_column width=&#8221;10\/12&#8243;][\/vc_column][vc_column width=&#8221;1\/12&#8243;][\/vc_column][\/vc_row][\/vc_section]","og_url":"https:\/\/tidzo.app\/index.php\/contact-us\/","og_site_name":"Tidzo","article_modified_time":"2022-02-20T14:59:49+00:00","twitter_card":"summary_large_image","twitter_misc":{"Est. reading time":"2 minutes"},"schema":{"@context":"https:\/\/schema.org","@graph":[{"@type":"WebPage","@id":"https:\/\/tidzo.app\/index.php\/contact-us\/","url":"https:\/\/tidzo.app\/index.php\/contact-us\/","name":"Contact Us - Tidzo","isPartOf":{"@id":"https:\/\/tidzo.app\/#website"},"datePublished":"2019-04-04T14:41:52+00:00","dateModified":"2022-02-20T14:59:49+00:00","breadcrumb":{"@id":"https:\/\/tidzo.app\/index.php\/contact-us\/#breadcrumb"},"inLanguage":"en-US","potentialAction":[{"@type":"ReadAction","target":["https:\/\/tidzo.app\/index.php\/contact-us\/"]}]},{"@type":"BreadcrumbList","@id":"https:\/\/tidzo.app\/index.php\/contact-us\/#breadcrumb","itemListElement":[{"@type":"ListItem","position":1,"name":"Home","item":"https:\/\/tidzo.app\/"},{"@type":"ListItem","position":2,"name":"Contact Us"}]},{"@type":"WebSite","@id":"https:\/\/tidzo.app\/#website","url":"https:\/\/tidzo.app\/","name":"Tidzo","description":"Construye horarios y gestiona turnos productivos. Agenda, comunica y verifica. Aumenta la productividad de tu empresa","potentialAction":[{"@type":"SearchAction","target":{"@type":"EntryPoint","urlTemplate":"https:\/\/tidzo.app\/?s={search_term_string}"},"query-input":{"@type":"PropertyValueSpecification","valueRequired":true,"valueName":"search_term_string"}}],"inLanguage":"en-US"}]}},"_links":{"self":[{"href":"https:\/\/tidzo.app\/index.php\/wp-json\/wp\/v2\/pages\/1853"}],"collection":[{"href":"https:\/\/tidzo.app\/index.php\/wp-json\/wp\/v2\/pages"}],"about":[{"href":"https:\/\/tidzo.app\/index.php\/wp-json\/wp\/v2\/types\/page"}],"author":[{"embeddable":true,"href":"https:\/\/tidzo.app\/index.php\/wp-json\/wp\/v2\/users\/1"}],"replies":[{"embeddable":true,"href":"https:\/\/tidzo.app\/index.php\/wp-json\/wp\/v2\/comments?post=1853"}],"version-history":[{"count":3,"href":"https:\/\/tidzo.app\/index.php\/wp-json\/wp\/v2\/pages\/1853\/revisions"}],"predecessor-version":[{"id":2859,"href":"https:\/\/tidzo.app\/index.php\/wp-json\/wp\/v2\/pages\/1853\/revisions\/2859"}],"wp:attachment":[{"href":"https:\/\/tidzo.app\/index.php\/wp-json\/wp\/v2\/media?parent=1853"}],"curies":[{"name":"wp","href":"https:\/\/api.w.org\/{rel}","templated":true}]}}